{"id":2391,"date":"2018-04-09T15:55:27","date_gmt":"2018-04-09T13:55:27","guid":{"rendered":"http:\/\/otlica.splet.arnes.si\/?page_id=2391"},"modified":"2018-04-09T15:58:07","modified_gmt":"2018-04-09T13:58:07","slug":"sio-2020","status":"publish","type":"page","link":"https:\/\/www.os-otlica.si\/?page_id=2391","title":{"rendered":"SIO-2020"},"content":{"rendered":"<p><a href=\"http:\/\/otlica.splet.arnes.si\/files\/2018\/04\/logotip_EKP-2014-2020_SIO-2020.png\"><img loading=\"lazy\" decoding=\"async\" class=\"alignnone wp-image-2389 size-large\" src=\"http:\/\/otlica.splet.arnes.si\/files\/2018\/04\/logotip_EKP-2014-2020_SIO-2020-1024x104.png\" alt=\"\" width=\"1024\" height=\"104\" srcset=\"https:\/\/www.os-otlica.si\/files\/2018\/04\/logotip_EKP-2014-2020_SIO-2020-1024x104.png 1024w, https:\/\/www.os-otlica.si\/files\/2018\/04\/logotip_EKP-2014-2020_SIO-2020-300x30.png 300w, https:\/\/www.os-otlica.si\/files\/2018\/04\/logotip_EKP-2014-2020_SIO-2020-768x78.png 768w, https:\/\/www.os-otlica.si\/files\/2018\/04\/logotip_EKP-2014-2020_SIO-2020-544x55.png 544w, https:\/\/www.os-otlica.si\/files\/2018\/04\/logotip_EKP-2014-2020_SIO-2020-470x48.png 470w, https:\/\/www.os-otlica.si\/files\/2018\/04\/logotip_EKP-2014-2020_SIO-2020.png 1355w\" sizes=\"auto, (max-width: 1024px) 100vw, 1024px\" \/><\/a><\/p>\n<p>Program nadaljnje vzpostavitve IKT infrastrukture v vzgoji in izobra\u017eevanju<br \/>\nCilj operacije je izbolj\u0161anje kompetenc in dose\u017ekov mladih ter ve\u010dja usposobljenost izobra\u017eevalcev prek ve\u010dje uporabe sodobne IKT pri pou\u010devanju in u\u010denju. Vzgojno-izobra\u017eevalnim zavodom se sofinancira izgradnja brez\u017ei\u010dnih omre\u017eij in nakup IKT opreme, razvija se e-storitve in e-vsebine.<\/p>\n<p>Povezava na spletno stran evropske kohezijske politike v Sloveniji: www.eu-skladi.si<\/p>\n<p>Nalo\u017ebo sofinancirata Republika Slovenija in Evropska unija iz Evropskega sklada za regionalni razvoj.<\/p>\n","protected":false},"excerpt":{"rendered":"<p>Program nadaljnje vzpostavitve IKT infrastrukture v vzgoji in izobra\u017eevanju Cilj operacije je izbolj\u0161anje kompetenc in dose\u017ekov mladih ter ve\u010dja usposobljenost izobra\u017eevalcev prek ve\u010dje uporabe sodobne IKT pri pou\u010devanju in u\u010denju. [&hellip;]<\/p>\n","protected":false},"author":2738,"featured_media":0,"parent":0,"menu_order":0,"comment_status":"closed","ping_status":"closed","template":"","meta":{"ngg_post_thumbnail":0,"footnotes":""},"class_list":["post-2391","page","type-page","status-publish","hentry"],"_links":{"self":[{"href":"https:\/\/www.os-otlica.si\/index.php?rest_route=\/wp\/v2\/pages\/2391","targetHints":{"allow":["GET"]}}],"collection":[{"href":"https:\/\/www.os-otlica.si\/index.php?rest_route=\/wp\/v2\/pages"}],"about":[{"href":"https:\/\/www.os-otlica.si\/index.php?rest_route=\/wp\/v2\/types\/page"}],"author":[{"embeddable":true,"href":"https:\/\/www.os-otlica.si\/index.php?rest_route=\/wp\/v2\/users\/2738"}],"replies":[{"embeddable":true,"href":"https:\/\/www.os-otlica.si\/index.php?rest_route=%2Fwp%2Fv2%2Fcomments&post=2391"}],"version-history":[{"count":3,"href":"https:\/\/www.os-otlica.si\/index.php?rest_route=\/wp\/v2\/pages\/2391\/revisions"}],"predecessor-version":[{"id":2399,"href":"https:\/\/www.os-otlica.si\/index.php?rest_route=\/wp\/v2\/pages\/2391\/revisions\/2399"}],"wp:attachment":[{"href":"https:\/\/www.os-otlica.si\/index.php?rest_route=%2Fwp%2Fv2%2Fmedia&parent=2391"}],"curies":[{"name":"wp","href":"https:\/\/api.w.org\/{rel}","templated":true}]}}