{"id":4269,"date":"2020-12-16T08:30:09","date_gmt":"2020-12-16T07:30:09","guid":{"rendered":"http:\/\/otlica.splet.arnes.si\/?page_id=4269"},"modified":"2023-04-24T09:17:06","modified_gmt":"2023-04-24T07:17:06","slug":"izjava-o-dostopnosti","status":"publish","type":"page","link":"https:\/\/www.os-otlica.si\/?page_id=4269","title":{"rendered":"Izjava o dostopnosti"},"content":{"rendered":"\n<p><strong>IZJAVA O DOSTOPNOSTI<\/strong><br><br>Izjava o dostopnosti se nana\u0161a na spleti\u0161\u010de Osnovne \u0161ole Otlica, ki se nahaja na spletnem naslovu&nbsp;<a href=\"http:\/\/www.os-otlica.si\/\">http:\/\/www.os-otlica.si\/<\/a> .<br><br>Osnovna \u0161ola Otlica se zavezuje omogo\u010dati dostopnost do vsebine spleti\u0161\u010da na spletni povezavi&nbsp;<a href=\"http:\/\/www.os-otlica.si\/\">http:\/\/www.os-otlica.si\/<\/a> &nbsp;v skladu z Zakonom o dostopnosti spleti\u0161\u010d in mobilnih aplikacij (v nadaljevanju ZDSMA), (Uradni list RS, \u0161t. 30\/18, 95\/21 \u2013 ZInfV-A, 189\/21 \u2013 ZDU-1M in 18\/23 \u2013 ZDU-1O).<br><br>Na spletni strani je dodana funkcionalnost z vti\u010dnikom SOGO na stopnji AA (WCAG 2.0), ki je skladna s standardom SIST EN 301 549 V1.1.2, ki je zahtevan v ZDSMA, ki jih lahko uporabljajo osebe z razli\u010dnimi oblikami oviranosti.<br><br>Z vti\u010dnikom&nbsp;<strong>\u201cSOGO dostopnost\u201d<\/strong>&nbsp;obiskovalcem spleti\u0161\u010da omogo\u010damo, da prikaz spleti\u0161\u010da prilagodijo svojim potrebam. Obiskovalci spletne strani lahko s pomo\u010djo vti\u010dnika spremenijo pisavo, pove\u010dajo \u010drke, spremenijo kontrast barv na spleti\u0161\u010du, ustavijo premike ter s pod\u010drtovanjem naredijo hiperpovezave bolj vidne.<br><br><strong>Stopnja skladnosti<\/strong><br><br>Spleti\u0161\u010de Osnovne \u0161ole Otlica je delno skladno z&nbsp;<a href=\"http:\/\/www.pisrs.si\/Pis.web\/pregledPredpisa?id=ZAKO7718\">Zakonom o dostopnosti spleti\u0161\u010d in mobilnih aplikacij&nbsp;<\/a>zaradi spodaj navedenih izjem.<br><br><strong>Nedostopna vsebina<\/strong><br><br>Dostopnost spleti\u0161\u010da Osnovne \u0161ole Otlica nenehno spremljamo in sproti izbolj\u0161ujemo posamezne elemente dostopnosti. Kljub temu nekatere objavljene vsebine ne izpolnjujejo vseh zahtev glede dostopnosti, kot jih dolo\u010da ZDSMA.<br><br>Primeri takih vsebin so:<\/p>\n\n\n\n<ul class=\"wp-block-list\"><li>skenirani dokumenti v obliki PDF zapisa,<\/li><li>programsko generirani dokumenti,<\/li><li>razli\u010dne kompleksne tabele s podatki,<\/li><li>organigrami,<\/li><li>videoposnetki, ki nimajo na voljo podnapisov,<\/li><li>vsebina v formatih, ki zahteva prenos in uporabo namenskih aplikacij.<\/li><\/ul>\n\n\n\n<p><br>Obvestila o neskladju z zahtevami in zaprosila za informacije glede vsebin spleti\u0161\u010da ter vsebin, ki ne spadajo na podro\u010dje uporabe Direktiva (EU) 2016\/2102 Evropskega parlamenta in Sveta z dne 26. oktobra 2016 o dostopnosti spleti\u0161\u010d in mobilnih aplikacij organov javnega sektorja (<a href=\"https:\/\/eur-lex.europa.eu\/legal-content\/SL\/AUTO\/?uri=OJ:L:2016:327:TOC\">UL L 327, 2.12.2016, str. 1<\/a>) sprejemamo na e-naslovu &lt;<a href=\"ma&#105;&#108;&#116;&#x6f;&#x3a;&#x6f;&#x2d;ot&#108;&#105;&#99;&#x61;&#x2e;&#x6e;&#x67;&#64;g&#117;&#101;&#115;&#x74;&#x2e;&#x61;&#x72;ne&#115;&#46;&#115;&#x69;\">&#x6f;&#x2d;&#x6f;&#x74;&#108;&#105;&#99;&#97;&#46;ng&#x40;&#x67;&#x75;&#x65;&#x73;&#116;&#46;&#97;rne&#x73;&#x2e;&#x73;&#x69;<\/a>&gt;. Na obvestilo ali pro\u0161njo bomo odgovorili v zakonsko dolo\u010denem roku \u2013 v 8 dneh od prejema obvestila oziroma pro\u0161nje. \u010ce glede na zahtevano vsebino v tem roku ne bomo mogli podati ustreznega odgovora, vam bomo sporo\u010dili, kdaj bo odgovor podan in razloge za zakasnitev odgovora ustrezno utemeljili.<br><br><strong>Nadzor nad izvajanjem dolo\u010db Zakona o dostopnosti spleti\u0161\u010d in mobilnih aplikacij javnega sektorja<\/strong><br><br>Nadzor nad izvajanjem ZDSMA javnega sektorja izvaja:<br><br>Ministrstvo za javno upravo<br>Uprava za informacijsko varnost<br>In\u0161pekcija za informacijsko dru\u017ebo<br>Tr\u017ea\u0161ka cesta 21<br>1000 Ljubljana<br><a href=\"&#x6d;a&#x69;&#108;&#x74;&#x6f;:&#x67;&#112;&#x2e;&#x6d;j&#x75;&#64;&#x67;&#x6f;v&#x2e;&#115;&#x69;\">&#103;&#x70;&#x2e;m&#106;&#x75;&#64;&#103;&#x6f;&#x76;&#46;&#115;&#x69;<\/a><br><br><strong>Priprava izjave o dostopnosti:<\/strong><br><br>Izjava je bila pripravljena 16. 12. 2020 na podlagi samoocene.<br>Izjava je bila nazadnje pregledana 24. 4. 2023. <\/p>\n","protected":false},"excerpt":{"rendered":"<p>IZJAVA O DOSTOPNOSTI Izjava o dostopnosti se nana\u0161a na spleti\u0161\u010de Osnovne \u0161ole Otlica, ki se nahaja na spletnem naslovu&nbsp;http:\/\/www.os-otlica.si\/ . Osnovna \u0161ola Otlica se zavezuje omogo\u010dati dostopnost do vsebine spleti\u0161\u010da [&hellip;]<\/p>\n","protected":false},"author":2738,"featured_media":0,"parent":0,"menu_order":0,"comment_status":"closed","ping_status":"closed","template":"","meta":{"ngg_post_thumbnail":0,"footnotes":""},"class_list":["post-4269","page","type-page","status-publish","hentry"],"_links":{"self":[{"href":"https:\/\/www.os-otlica.si\/index.php?rest_route=\/wp\/v2\/pages\/4269","targetHints":{"allow":["GET"]}}],"collection":[{"href":"https:\/\/www.os-otlica.si\/index.php?rest_route=\/wp\/v2\/pages"}],"about":[{"href":"https:\/\/www.os-otlica.si\/index.php?rest_route=\/wp\/v2\/types\/page"}],"author":[{"embeddable":true,"href":"https:\/\/www.os-otlica.si\/index.php?rest_route=\/wp\/v2\/users\/2738"}],"replies":[{"embeddable":true,"href":"https:\/\/www.os-otlica.si\/index.php?rest_route=%2Fwp%2Fv2%2Fcomments&post=4269"}],"version-history":[{"count":5,"href":"https:\/\/www.os-otlica.si\/index.php?rest_route=\/wp\/v2\/pages\/4269\/revisions"}],"predecessor-version":[{"id":4879,"href":"https:\/\/www.os-otlica.si\/index.php?rest_route=\/wp\/v2\/pages\/4269\/revisions\/4879"}],"wp:attachment":[{"href":"https:\/\/www.os-otlica.si\/index.php?rest_route=%2Fwp%2Fv2%2Fmedia&parent=4269"}],"curies":[{"name":"wp","href":"https:\/\/api.w.org\/{rel}","templated":true}]}}